{"id":5620,"date":"2015-12-18T14:56:05","date_gmt":"2015-12-18T13:56:05","guid":{"rendered":"https:\/\/magiclift.ch\/?page_id=5620"},"modified":"2016-11-20T02:07:18","modified_gmt":"2016-11-20T01:07:18","slug":"datenschutzerklaerung","status":"publish","type":"page","link":"https:\/\/magiclift.ch\/en\/datenschutzerklaerung\/","title":{"rendered":"Datenschutzerkl\u00e4rung"},"content":{"rendered":"<h1>Datenschutzerkl\u00e4rung<\/h1>\n<p>Datenschutz ist uns wichtig. Der Zugriff auf unsere Webseite erfolgt deshalb\u00a0ausschliesslich\u00a0verschl\u00fcsselt \u00fcber das Kommunikationsprotokoll HTTPS. Roboter, Hacker und andere finstere Zeitgenossen k\u00f6nnen den beim Aufrufen unserer Webseiten entstehenden Datenverkehr nicht entschl\u00fcsseln.<\/p>\n<p>Bei einem Besuch auf unserer Website werden \u00a0automatisch Daten registriert:<\/p>\n<p>&nbsp;<\/p>\n<p><strong>Im Logfile des Servers<\/strong><\/p>\n<ul>\n<li>IP-Adresse und Domainname des zugreifenden Clients bzw. Servers<\/li>\n<li>Datum\u00a0und Uhrzeit des\u00a0Zugriffs<\/li>\n<li>Zeitzone bzw. die Abweichung von der Greenwich Mean Time (GMT)\u00a0in Stunden<\/li>\n<li>Name\u00a0des verwendeten Webbrowsers<\/li>\n<li>Status des Zugriffs in Form einer Codenummer, die aufzeigt, ob und wie\u00a0der Datenaustausch zwischen Client und Server erfolgte<\/li>\n<li>Verwendetes Betriebssystem\u00a0sowie die Versionsnummer des anfragenden Browsers<\/li>\n<li>Die Anzahl der \u00fcbertragenen Bytes<\/li>\n<li>Lokalisation, von wo aus der Zugriff erfolgt<\/li>\n<li>Uniform Resource Locator (URL) der Seite, die den Link zur angefragten Seite enthielt.<\/li>\n<\/ul>\n<p align=\"justify\">Aufgrund\u00a0dieser in unserem Webserver verzeichneten Logfile-Daten k\u00f6nnen wir Websitebesucher nicht\u00a0identifizieren. Unsere Besucher k\u00f6nnen sich\u00a0also grunds\u00e4tzlich anonym durch unsere Seiten klicken.<\/p>\n<p align=\"justify\">Ausnahmen bestehen dann,\u00a0wenn uns im Zuge von Eink\u00e4ufen in unserem Webshop oder \u00fcber\u00a0das Kontaktformular die E-Mail-Adresse und andere pers\u00f6nliche Daten mitgeteilt werden. Dann k\u00f6nnen wir Sie nat\u00fcrlich\u00a0identifizieren.<\/p>\n<p align=\"justify\"><strong>Google Analytics Tracking-Daten<\/strong><\/p>\n<ul>\n<li>Wie viele Websitebesucher\u00a0haben wir\u00a0innerhalb eines bestimmten Zeitraums\u00a0verzeichnet?<\/li>\n<li>Woher\u00a0erfolgt der Zugriff auf unsere Website?<\/li>\n<li>Wie lange blieben die Besucher durchschnittlich auf einer Seite?<\/li>\n<li>Welche Seiten wurden wie oft angesehen?<\/li>\n<li>Welche Dokumente wurden herunter geladen?<\/li>\n<li>Welche Browsertypen wurden verwendet?<\/li>\n<\/ul>\n<p align=\"justify\">Wenn\u00a0wir solche Auswertungen vornehmen, erfolgen sie stets anonym.<\/p>\n","protected":false},"excerpt":{"rendered":"<p>Datenschutzerkl\u00e4rung Datenschutz ist uns wichtig. Der Zugriff auf unsere Webseite erfolgt deshalb\u00a0ausschliesslich\u00a0verschl\u00fcsselt \u00fcber das Kommunikationsprotokoll HTTPS. Roboter, Hacker und andere finstere Zeitgenossen k\u00f6nnen den beim Aufrufen unserer Webseiten entstehenden Datenverkehr nicht entschl\u00fcsseln. Bei einem Besuch auf unserer Website werden \u00a0automatisch Daten registriert: &nbsp; Im Logfile des Servers IP-Adresse und Domainname des zugreifenden Clients bzw. Servers [&hellip;]<\/p>\n","protected":false},"author":1,"featured_media":0,"parent":0,"menu_order":0,"comment_status":"closed","ping_status":"closed","template":"","meta":{"footnotes":"","_wp_rev_ctl_limit":""},"class_list":["post-5620","page","type-page","status-publish","hentry"],"_links":{"self":[{"href":"https:\/\/magiclift.ch\/en\/wp-json\/wp\/v2\/pages\/5620","targetHints":{"allow":["GET"]}}],"collection":[{"href":"https:\/\/magiclift.ch\/en\/wp-json\/wp\/v2\/pages"}],"about":[{"href":"https:\/\/magiclift.ch\/en\/wp-json\/wp\/v2\/types\/page"}],"author":[{"embeddable":true,"href":"https:\/\/magiclift.ch\/en\/wp-json\/wp\/v2\/users\/1"}],"replies":[{"embeddable":true,"href":"https:\/\/magiclift.ch\/en\/wp-json\/wp\/v2\/comments?post=5620"}],"version-history":[{"count":0,"href":"https:\/\/magiclift.ch\/en\/wp-json\/wp\/v2\/pages\/5620\/revisions"}],"wp:attachment":[{"href":"https:\/\/magiclift.ch\/en\/wp-json\/wp\/v2\/media?parent=5620"}],"curies":[{"name":"wp","href":"https:\/\/api.w.org\/{rel}","templated":true}]}}