{"id":13948,"date":"2017-02-13T10:37:03","date_gmt":"2017-02-13T09:37:03","guid":{"rendered":"https:\/\/magiclift.ch\/?page_id=13948\/"},"modified":"2026-04-04T10:26:47","modified_gmt":"2026-04-04T08:26:47","slug":"cam","status":"publish","type":"page","link":"https:\/\/magiclift.ch\/fr\/cam\/","title":{"rendered":"Webcam"},"content":{"rendered":"<section  class='av_textblock_section av-jvbppjxn-0b5195a256db09f53cc52dc90035b8c2 '   itemscope=\"itemscope\" itemtype=\"https:\/\/schema.org\/CreativeWork\" ><div class='avia_textblock'  itemprop=\"text\" ><h1>Webcam actuelle<\/h1>\n<div style=\"width: 1290px\" class=\"wp-caption alignnone\"><img loading=\"lazy\" decoding=\"async\" src=\"https:\/\/magiclift.ch\/webcam\/neu.jpg.webp\" alt=\"Die Webcam zeigt zum Bisenstartplatz Frohe Aussicht in Oberrieden und den Himmel von Horgen in Blickrichtung Z\u00fcrich\" width=\"1280\" height=\"720\" \/><p class=\"wp-caption-text\">Mis \u00e0 jour toutes les 5 minutes.<\/p><\/div>\n<\/div><\/section>\n\n<style type=\"text\/css\" data-created_by=\"avia_inline_auto\" id=\"style-css-av-lbqov3fq-406ad6ae337d7a531e3d5d240dc500ea\">\n#top .hr.hr-invisible.av-lbqov3fq-406ad6ae337d7a531e3d5d240dc500ea{\nheight:50px;\n}\n<\/style>\n<div  class='hr av-lbqov3fq-406ad6ae337d7a531e3d5d240dc500ea hr-invisible  avia-builder-el-1  el_after_av_textblock  el_before_av_textblock '><span class='hr-inner '><span class=\"hr-inner-style\"><\/span><\/span><\/div>\n<section  class='av_textblock_section av-lbqp0rza-190117f0c873580181e12463a8375a5e '   itemscope=\"itemscope\" itemtype=\"https:\/\/schema.org\/CreativeWork\" ><div class='avia_textblock'  itemprop=\"text\" ><h2>Vid\u00e9os en acc\u00e9l\u00e9r\u00e9 quotidiennes sur Youtube<\/h2>\n<p>\u00c0 partir des prises de vue stock\u00e9es, un enregistrement quotidien est cr\u00e9\u00e9 et charg\u00e9 sur une <a href=\"https:\/\/www.youtube.com\/c\/MagicliftCh-Fly-with-us\" data-rich-text-format-boundary=\"true\" target=\"_blank\" rel=\"noopener\">cha\u00eene Youtube de la webcam m\u00e9t\u00e9o<\/a>. Ils montrent de mani\u00e8re impressionnante, quelles forces ont pr\u00e9valu dans la cuisine m\u00e9t\u00e9o.<\/p>\n<figure class=\"wp-block-embed-youtube wp-block-embed is-type-video is-provider-youtube wp-embed-aspect-16-9 wp-has-aspect-ratio\">\n<div class=\"wp-block-embed__wrapper\">\n<div class=\"avia-iframe-wrap\" style=\"padding-bottom: 56.2667%;\"><iframe loading=\"lazy\" title=\"Film en acc\u00e9l\u00e9r\u00e9 du 10 mai 2019 de la webcam m\u00e9t\u00e9o de Magiclift\" width=\"1500\" height=\"844\" src=\"https:\/\/www.youtube.com\/embed\/4Ixn0qPQwqI?feature=oembed\" data-opt-src=\"https:\/\/www.youtube.com\/embed\/4Ixn0qPQwqI?feature=oembed\" frameborder=\"0\" allow=\"accelerometer; autoplay; clipboard-write; encrypted-media; gyroscope; picture-in-picture\" allowfullscreen=\"\" data-opt-lazy-loaded=\"true\"><\/iframe><noscript><iframe\nloading=lazy title=\"Film en acc\u00e9l\u00e9r\u00e9 du 10 mai 2019 de la webcam m\u00e9t\u00e9o de Magiclift\" width=1500 height=844 src=\"https:\/\/www.youtube.com\/embed\/4Ixn0qPQwqI?feature=oembed\" frameborder=0 allow=\"accelerometer; autoplay; clipboard-write; encrypted-media; gyroscope; picture-in-picture\" allowfullscreen><\/iframe><\/noscript><\/div>\n<\/div>\n<\/figure>\n<p><code><br \/>\n<script type=\"application\/ld+json\">{\n  \"@context\": \"http:\/\/schema.org\/\",\n  \"@type\": \"VideoObject\",\n  \"name\": \"Film en acc\u00e9l\u00e9r\u00e9 du 10 mai 2019 de la webcam m\u00e9t\u00e9o de Magiclift\",\n  \"duration\" : \"T0M42S\",\n  \"thumbnailUrl\" : \"https:\/\/i.ytimg.com\/vi\/4Ixn0qPQwqI\/hqdefault.jpg\",\n  \"datePublished\": \"2019-05-10\",\n  \"uploadDate\" : \"2019-05-10\",\n  \"description\": \"Le jour qui est pass\u00e9 : vu de la webcam m\u00e9t\u00e9o \u00e0 notre adresse, Bergstrasse 68 \u00e0 Horgen, avec vue sur le nord du 10 mai 2019. G\u00e9oposition de la webcam : N 47.249908, E 8.597618, 540 m.\u00fc.M.\",\n  \"embedUrl\":\"https:\/\/youtu.be\/4Ixn0qPQwqI\"\n },\n    },<\/script><br \/>\n<\/code><\/p>\n<\/div><\/section>\n","protected":false},"excerpt":{"rendered":"","protected":false},"author":1,"featured_media":0,"parent":0,"menu_order":0,"comment_status":"closed","ping_status":"closed","template":"","meta":{"footnotes":"","_wp_rev_ctl_limit":""},"class_list":["post-13948","page","type-page","status-publish","hentry"],"_links":{"self":[{"href":"https:\/\/magiclift.ch\/fr\/wp-json\/wp\/v2\/pages\/13948","targetHints":{"allow":["GET"]}}],"collection":[{"href":"https:\/\/magiclift.ch\/fr\/wp-json\/wp\/v2\/pages"}],"about":[{"href":"https:\/\/magiclift.ch\/fr\/wp-json\/wp\/v2\/types\/page"}],"author":[{"embeddable":true,"href":"https:\/\/magiclift.ch\/fr\/wp-json\/wp\/v2\/users\/1"}],"replies":[{"embeddable":true,"href":"https:\/\/magiclift.ch\/fr\/wp-json\/wp\/v2\/comments?post=13948"}],"version-history":[{"count":2,"href":"https:\/\/magiclift.ch\/fr\/wp-json\/wp\/v2\/pages\/13948\/revisions"}],"predecessor-version":[{"id":66354,"href":"https:\/\/magiclift.ch\/fr\/wp-json\/wp\/v2\/pages\/13948\/revisions\/66354"}],"wp:attachment":[{"href":"https:\/\/magiclift.ch\/fr\/wp-json\/wp\/v2\/media?parent=13948"}],"curies":[{"name":"wp","href":"https:\/\/api.w.org\/{rel}","templated":true}]}}