{"id":3478,"date":"2015-06-22T08:59:06","date_gmt":"2015-06-22T07:59:06","guid":{"rendered":"https:\/\/magiclift.ch\/?page_id=3478"},"modified":"2025-09-03T19:52:24","modified_gmt":"2025-09-03T17:52:24","slug":"agb-magiclift-webshop","status":"publish","type":"page","link":"https:\/\/magiclift.ch\/fr\/agb-magiclift-webshop\/","title":{"rendered":"AGB Magiclift-Webshop"},"content":{"rendered":"\n<style type=\"text\/css\" data-created_by=\"avia_inline_auto\" id=\"style-css-av-3va7xy-2b6d331fcffe545a561d41e1db30cfd1\">\n#top .hr.hr-invisible.av-3va7xy-2b6d331fcffe545a561d41e1db30cfd1{\nheight:50px;\n}\n<\/style>\n<div  class='hr av-3va7xy-2b6d331fcffe545a561d41e1db30cfd1 hr-invisible  avia-builder-el-0  el_before_av_textblock  avia-builder-el-first '><span class='hr-inner '><span class=\"hr-inner-style\"><\/span><\/span><\/div>\n<section  class='av_textblock_section av-31f48m-7d9240833821c02f5184e90053115081 '   itemscope=\"itemscope\" itemtype=\"https:\/\/schema.org\/CreativeWork\" ><div class='avia_textblock'  itemprop=\"text\" ><\/div><\/section>\n<h1>Allgemeine Gesch\u00e4ftsbedingungen (AGB) Magiclift-Webshop<\/h1>\n<p><strong>Bestellungen<\/strong><br \/>\nAlle Bestellungen \u00fcber das den Magiclift-Webshop\u00a0sind grunds\u00e4tzlich verbindlich. Bei Lieferhindernissen werden bestellende Kunden schnellstm\u00f6glich per E-Mail\u00a0informiert. Vor\u00fcbergehend nicht lieferbare Artikel\u00a0werden vorbestellt und reserviert. Kunden\u00a0haben die M\u00f6glichkeit, diese Bestellungen jederzeit zu widerrufen.<\/p>\n<p><strong>R\u00fcckgaberecht<\/strong><br \/>\nFluginstrumente, Helme und Bekleidungsartikel nehmen wir originalverpackt und ohne Gebrauchsspuren innerhalb von 10 Tagen zur\u00fcck und geben Kunden gegen Angabe der Bestellnummer und Angabe des Grunds der R\u00fccksendung eine R\u00fcckerstattung. Bei uns anfallende Geb\u00fchren durch Bezahlung via Paypal, Twint oder Kreditkarten sowie die Versandkosten werden nicht r\u00fcckerstattet.<br \/>\nBei Herstellungsfehlern und Falschlieferungen tauschen wir den betreffenden Artikel gegen ein tadelloses Exemplar um.<br \/>\n<span style=\"line-height: 1.5;\">Die R\u00fccksendung erfolgt auf eigene Haftung\/Gefahr.<br \/>\n<\/span>Gutscheine sind von der R\u00fcckgabe ausgeschlossen.<\/p>\n<p><strong>Versandkosten<br \/>\n<\/strong>Innerhalb der\u00a0Schweiz erfolgt die\u00a0Lieferung per Post (A-Priority). Bei Bestellungen im Wert von mehr als hundert Franken entfallen Versandkosten. Bei Bestellungen im Wert von weniger als hundert Franken betragen die Versandkosten pauschal 12.00 Franken.<\/p>\n<p><strong>Sicherheit und Datenschutz<\/strong><br \/>\nDie Zufriedenheit unser Kunden ist oberstes Gebot. Dazu geh\u00f6rt auch die Wahrung ihrer Privatsph\u00e4re. Zum Schutz pers\u00f6nlicher Daten erfolgt die Daten\u00fcbertragung bei unserem Webshop verschl\u00fcsselt. Die pers\u00f6nlichen Daten unserer Kunden sind bei uns in sicheren H\u00e4nden und werden niemandem ausserhalb zur Nutzung oder zur Verf\u00fcgung gestellt.<\/p>\n<p><strong>\u00dcbergabe der Ware<br \/>\n<\/strong>Die \u00dcbergabe der Ware erfolgt nach Bezahlung durch Lieferung an die vom Besteller angegebene Lieferadresse. Selbstabholung ist bei sofortiger Kontaktaufnahme nach der Bestellung m\u00f6glich.<\/p>\n<p><strong>Bezahlungsarten<br \/>\n<\/strong>Kunden k\u00f6nnen Artikel mit einer Bank\u00fcberweisung oder mit Paypal, Kreditkarten, Twint, bezahlen. F\u00fcr Selbstabholer ist die Bezahlung in bar m\u00f6glich. Auf Rechnung werden nur wiederkehrende und mit einem Benutzerkonto registrierte Kunden bedient.<\/p>\n<p><strong>Gerichtsstand<\/strong><br \/>\nGerichtsstand ist\u00a0Z\u00fcrich<\/p>\n<p><a title=\"Impressum\" href=\"https:\/\/magiclift.ch\/impressum\/\" target=\"_blank\" rel=\"noopener\">Impressum<\/a><\/p>\n","protected":false},"excerpt":{"rendered":"<p>Allgemeine Gesch\u00e4ftsbedingungen (AGB) Magiclift-Webshop Bestellungen Alle Bestellungen \u00fcber das den Magiclift-Webshop\u00a0sind grunds\u00e4tzlich verbindlich. Bei Lieferhindernissen werden bestellende Kunden schnellstm\u00f6glich per E-Mail\u00a0informiert. Vor\u00fcbergehend nicht lieferbare Artikel\u00a0werden vorbestellt und reserviert. Kunden\u00a0haben die M\u00f6glichkeit, diese Bestellungen jederzeit zu widerrufen. R\u00fcckgaberecht Fluginstrumente, Helme und Bekleidungsartikel nehmen wir originalverpackt und ohne Gebrauchsspuren innerhalb von 10 Tagen zur\u00fcck und geben Kunden [&hellip;]<\/p>\n","protected":false},"author":1,"featured_media":0,"parent":0,"menu_order":0,"comment_status":"closed","ping_status":"closed","template":"","meta":{"footnotes":"","_wp_rev_ctl_limit":""},"class_list":["post-3478","page","type-page","status-publish","hentry"],"_links":{"self":[{"href":"https:\/\/magiclift.ch\/fr\/wp-json\/wp\/v2\/pages\/3478","targetHints":{"allow":["GET"]}}],"collection":[{"href":"https:\/\/magiclift.ch\/fr\/wp-json\/wp\/v2\/pages"}],"about":[{"href":"https:\/\/magiclift.ch\/fr\/wp-json\/wp\/v2\/types\/page"}],"author":[{"embeddable":true,"href":"https:\/\/magiclift.ch\/fr\/wp-json\/wp\/v2\/users\/1"}],"replies":[{"embeddable":true,"href":"https:\/\/magiclift.ch\/fr\/wp-json\/wp\/v2\/comments?post=3478"}],"version-history":[{"count":0,"href":"https:\/\/magiclift.ch\/fr\/wp-json\/wp\/v2\/pages\/3478\/revisions"}],"wp:attachment":[{"href":"https:\/\/magiclift.ch\/fr\/wp-json\/wp\/v2\/media?parent=3478"}],"curies":[{"name":"wp","href":"https:\/\/api.w.org\/{rel}","templated":true}]}}