{"id":63834,"date":"2014-10-21T22:02:41","date_gmt":"2014-10-21T21:02:41","guid":{"rendered":"https:\/\/magiclift.ch\/reliant\/the-meaning-of-magiclift\/"},"modified":"2026-02-21T10:55:20","modified_gmt":"2026-02-21T09:55:20","slug":"que-signifie-magiclift","status":"publish","type":"page","link":"https:\/\/magiclift.ch\/fr\/que-signifie-magiclift\/","title":{"rendered":"Que signifie Magiclift ?"},"content":{"rendered":"\n<style type=\"text\/css\" data-created_by=\"avia_inline_auto\" id=\"style-css-av-mlih9zj1-9b6491b44bde36a02d7c0978df8df59f\">\n.avia-section.av-mlih9zj1-9b6491b44bde36a02d7c0978df8df59f{\nmargin-top:0px;\nmargin-bottom:0px;\n}\n.avia-section.av-mlih9zj1-9b6491b44bde36a02d7c0978df8df59f .av-parallax .av-parallax-inner{\nbackground-repeat:no-repeat;\nbackground-image:url(https:\/\/magiclift.ch\/wp-content\/uploads\/2026\/02\/was-ist-ein-magiclift.jpg);\nbackground-position:100% 0%;\nbackground-attachment:scroll;\n}\n\n@media only screen and (min-width: 990px){ \n.avia-section.av-mlih9zj1-9b6491b44bde36a02d7c0978df8df59f{\nmargin-top:0;\nmargin-bottom:0;\n}\n}\n\n@media only screen and (min-width: 768px) and (max-width: 989px){ \n.avia-section.av-mlih9zj1-9b6491b44bde36a02d7c0978df8df59f{\nmargin-top:0;\nmargin-bottom:0;\n}\n}\n\n@media only screen and (min-width: 480px) and (max-width: 767px){ \n.avia-section.av-mlih9zj1-9b6491b44bde36a02d7c0978df8df59f{\nmargin-top:0;\nmargin-bottom:0;\n}\n}\n\n@media only screen and (max-width: 479px){ \n.avia-section.av-mlih9zj1-9b6491b44bde36a02d7c0978df8df59f{\nmargin-top:0;\nmargin-bottom:0;\n}\n}\n<\/style>\n<div id='hero-desktop'  class='avia-section av-mlih9zj1-9b6491b44bde36a02d7c0978df8df59f main_color avia-section-no-padding avia-no-shadow  avia-builder-el-0  el_before_av_section  avia-builder-el-first  with_parallax_opener av-small-hide av-mini-hide av-parallax-section avia-bg-style-parallax av-minimum-height av-minimum-height-custom av-height-custom  container_wrap fullsize'  data-section-bg-repeat='no-repeat' data-av_minimum_height_px='0'><div class='av-parallax' data-avia-parallax-ratio='0.3' ><div class='av-parallax-inner main_color avia-full-stretch'><\/div><\/div><div class='container av-section-cont-open' style='height:0px'><main  role=\"main\" itemprop=\"mainContentOfPage\"  class='template-page content  av-content-full alpha units'><div class='post-entry post-entry-type-page post-entry-63834'><div class='entry-content-wrapper clearfix'>\n\n<style type=\"text\/css\" data-created_by=\"avia_inline_auto\" id=\"style-css-av-17u9zf-df68854a27d83c2e6eba31f0c9d650d7\">\n#top .hr.av-17u9zf-df68854a27d83c2e6eba31f0c9d650d7{\nmargin-top:60vh;\nmargin-bottom:-113px;\n}\n.hr.av-17u9zf-df68854a27d83c2e6eba31f0c9d650d7 .hr-inner{\nwidth:50px;\n}\n<\/style>\n<div  class='hr av-17u9zf-df68854a27d83c2e6eba31f0c9d650d7 hr-custom  avia-builder-el-1  el_before_av_hr  avia-builder-el-first  hr-center hr-icon-no'><span class='hr-inner inner-border-av-border-none'><span class=\"hr-inner-style\"><\/span><\/span><\/div>\n\n<style type=\"text\/css\" data-created_by=\"avia_inline_auto\" id=\"style-css-av-12lk03-ce9ef3c8626d0a555b76ff2301dd536f\">\n#top .hr.av-12lk03-ce9ef3c8626d0a555b76ff2301dd536f{\nmargin-top:0px;\nmargin-bottom:-40px;\n}\n.hr.av-12lk03-ce9ef3c8626d0a555b76ff2301dd536f .hr-inner{\nwidth:50px;\n}\n<\/style>\n<div  class='hr av-12lk03-ce9ef3c8626d0a555b76ff2301dd536f hr-custom  avia-builder-el-2  el_after_av_hr  avia-builder-el-last  hero-bottom-gapfix-mobile hr-center hr-icon-no'><span class='hr-inner inner-border-av-border-none'><span class=\"hr-inner-style\"><\/span><\/span><\/div>\n\n<\/div><\/div><\/main><!-- close content main element --><\/div><\/div>\n<style type=\"text\/css\" data-created_by=\"avia_inline_auto\" id=\"style-css-av-mlih96vy-f63682719f93e847a35c2182a43b9d3b\">\n.avia-section.av-mlih96vy-f63682719f93e847a35c2182a43b9d3b{\nmargin-top:0px;\nmargin-bottom:0px;\n}\n.avia-section.av-mlih96vy-f63682719f93e847a35c2182a43b9d3b .av-parallax .av-parallax-inner{\nbackground-repeat:no-repeat;\nbackground-image:url(https:\/\/magiclift.ch\/wp-content\/uploads\/2026\/02\/was-ist-ein-magiclift.jpg);\nbackground-position:50% 50%;\nbackground-attachment:scroll;\n}\n\n@media only screen and (min-width: 990px){ \n.avia-section.av-mlih96vy-f63682719f93e847a35c2182a43b9d3b{\nmargin-top:0px;\nmargin-bottom:0px;\n}\n}\n\n@media only screen and (min-width: 768px) and (max-width: 989px){ \n.avia-section.av-mlih96vy-f63682719f93e847a35c2182a43b9d3b{\nmargin-top:0;\nmargin-bottom:0;\n}\n}\n\n@media only screen and (min-width: 480px) and (max-width: 767px){ \n.avia-section.av-mlih96vy-f63682719f93e847a35c2182a43b9d3b{\nmargin-top:0;\nmargin-bottom:0;\n}\n}\n\n@media only screen and (max-width: 479px){ \n.avia-section.av-mlih96vy-f63682719f93e847a35c2182a43b9d3b{\nmargin-top:0;\nmargin-bottom:0;\n}\n}\n<\/style>\n<div id='hero-mobile'  class='avia-section av-mlih96vy-f63682719f93e847a35c2182a43b9d3b main_color avia-section-no-padding avia-no-shadow  avia-builder-el-3  el_after_av_section  el_before_av_two_third  with_parallax_opener av-desktop-hide av-medium-hide av-parallax-section avia-bg-style-parallax av-minimum-height av-minimum-height-custom av-height-custom  container_wrap fullsize'  data-section-bg-repeat='no-repeat' data-av_minimum_height_px='0'><div class='av-parallax' data-avia-parallax-ratio='0.3' ><div class='av-parallax-inner main_color avia-full-stretch'><\/div><\/div><div class='container av-section-cont-open' style='height:0px'><div class='template-page content  av-content-full alpha units'><div class='post-entry post-entry-type-page post-entry-63834'><div class='entry-content-wrapper clearfix'>\n\n<style type=\"text\/css\" data-created_by=\"avia_inline_auto\" id=\"style-css-av-wlaib-d97567ba484f46a19cf71118840ee67f\">\n#top .hr.av-wlaib-d97567ba484f46a19cf71118840ee67f{\nmargin-top:50vh;\nmargin-bottom:-25px;\n}\n.hr.av-wlaib-d97567ba484f46a19cf71118840ee67f .hr-inner{\nwidth:50px;\n}\n<\/style>\n<div  class='hr av-wlaib-d97567ba484f46a19cf71118840ee67f hr-custom  avia-builder-el-4  el_before_av_hr  avia-builder-el-first  hr-center hr-icon-no'><span class='hr-inner inner-border-av-border-none'><span class=\"hr-inner-style\"><\/span><\/span><\/div>\n\n<style type=\"text\/css\" data-created_by=\"avia_inline_auto\" id=\"style-css-av-q9r5f-bd363b1ac188b1cf686b00efdb61c86b\">\n#top .hr.av-q9r5f-bd363b1ac188b1cf686b00efdb61c86b{\nmargin-top:0px;\nmargin-bottom:-40px;\n}\n.hr.av-q9r5f-bd363b1ac188b1cf686b00efdb61c86b .hr-inner{\nwidth:50px;\n}\n<\/style>\n<div  class='hr av-q9r5f-bd363b1ac188b1cf686b00efdb61c86b hr-custom  avia-builder-el-5  el_after_av_hr  el_before_av_hr  hero-bottom-gapfix-mobile hr-center hr-icon-no'><span class='hr-inner inner-border-av-border-none'><span class=\"hr-inner-style\"><\/span><\/span><\/div>\n\n<style type=\"text\/css\" data-created_by=\"avia_inline_auto\" id=\"style-css-av-ljq0b-b8a2253b4893e2603a92d89f37b88264\">\n#top .hr.av-ljq0b-b8a2253b4893e2603a92d89f37b88264{\nmargin-top:0px;\nmargin-bottom:-40px;\n}\n.hr.av-ljq0b-b8a2253b4893e2603a92d89f37b88264 .hr-inner{\nwidth:50px;\n}\n<\/style>\n<div  class='hr av-ljq0b-b8a2253b4893e2603a92d89f37b88264 hr-custom  avia-builder-el-6  el_after_av_hr  avia-builder-el-last  hero-bottom-gapfix-mobile hr-center hr-icon-no'><span class='hr-inner inner-border-av-border-none'><span class=\"hr-inner-style\"><\/span><\/span><\/div>\n<\/div><\/div><\/div><!-- close content main div --><\/div><\/div><div id='after_section_2'  class='main_color av_default_container_wrap container_wrap fullsize'  ><div class='container av-section-cont-open' ><div class='template-page content  av-content-full alpha units'><div class='post-entry post-entry-type-page post-entry-63834'><div class='entry-content-wrapper clearfix'>\n<div  class='flex_column av-crbkr-1972255c0317ab4c166b9bfcd9d875a5 av_two_third  avia-builder-el-7  el_after_av_section  el_before_av_one_full  avia-builder-el-first  first flex_column_div  '     ><section  class='av_textblock_section av-kosbko7h-f080fa707549c7b476252b9c24ed7f2f '   itemscope=\"itemscope\" itemtype=\"https:\/\/schema.org\/CreativeWork\" ><div class='avia_textblock'  itemprop=\"text\" ><blockquote>\n<p data-path-to-node=\"6\">Magiclift d\u00e9signe la magie du soul\u00e8vement invisible de l'air. Parmi les pilotes, le terme Magiclift est un synonyme de restitution thermique.<\/p>\n<\/blockquote>\n<p data-path-to-node=\"7\">Ce terme d\u00e9crit le soul\u00e8vement des masses d'air en l'absence de rayonnement solaire direct. La restitution se produit lorsque l'air proche du sol se refroidit sur les flancs des montagnes. En raison de ce refroidissement, sa densit\u00e9 augmente par rapport \u00e0 l'air environnant, qui se refroidit moins rapidement. Cet air plus froid et plus dense s'\u00e9coule vers la vall\u00e9e et d\u00e9place la masse d'air qui s'y trouve. Dans les vall\u00e9es encaiss\u00e9es, la masse d'air d\u00e9plac\u00e9e n'a d'autre choix que de s'\u00e9lever. Voil\u00e0 : la restitution.<\/p>\n<p data-path-to-node=\"8\">Lors d'un Magiclift, la masse d'air d\u00e9plac\u00e9e s'\u00e9l\u00e8ve sur une grande surface, de mani\u00e8re r\u00e9guli\u00e8re, et avec des taux de mont\u00e9e d\u00e9passant tr\u00e8s rarement 2 m\/s. La restitution permet aux pilotes de parapente de rester en l'air longtemps le soir, m\u00eame lorsque les ascendances thermiques sur les pentes ne sont plus exploitables depuis longtemps.<\/p>\n<p data-path-to-node=\"9\">Ce nom a \u00e9t\u00e9 choisi pour notre \u00e9cole de parapente car voler en parapente est une exp\u00e9rience magique \u2013 il n'y a pas de moyen plus simple de d\u00e9coller.<\/p>\n<p data-path-to-node=\"10\">Quand on peut s'\u00e9lever dans un Magiclift et que la vue s'am\u00e9liore \u00e0 chaque m\u00e8tre gagn\u00e9, on se trouve dans le meilleur ascenseur qui soit.<\/p>\n<p data-path-to-node=\"11\">Un Magiclift rend heureux !<\/p>\n<\/div><\/section><\/div>\n\n<style type=\"text\/css\" data-created_by=\"avia_inline_auto\" id=\"style-css-av-ayhgz-2f0181c5cdcf636036399d0dea08a3da\">\n#top .flex_column.av-ayhgz-2f0181c5cdcf636036399d0dea08a3da{\nmargin-top:0px;\nmargin-bottom:0px;\n}\n.flex_column.av-ayhgz-2f0181c5cdcf636036399d0dea08a3da{\npadding:0px 0px 0px 0px;\nheight:auto;\nmin-height:0px;\n}\n.responsive #top #wrap_all .flex_column.av-ayhgz-2f0181c5cdcf636036399d0dea08a3da{\nmargin-top:0px;\nmargin-bottom:0px;\n}\n\n@media only screen and (min-width: 990px){ \n.flex_column.av-ayhgz-2f0181c5cdcf636036399d0dea08a3da{\npadding:0px 0px 0px 0px;\n}\n}\n\n@media only screen and (min-width: 768px) and (max-width: 989px){ \n.flex_column.av-ayhgz-2f0181c5cdcf636036399d0dea08a3da{\npadding:0px 0px 0px 0px;\n}\n}\n\n@media only screen and (min-width: 480px) and (max-width: 767px){ \n.flex_column.av-ayhgz-2f0181c5cdcf636036399d0dea08a3da{\npadding:0px 0px 0px 0px;\n}\n}\n\n@media only screen and (max-width: 479px){ \n.flex_column.av-ayhgz-2f0181c5cdcf636036399d0dea08a3da{\npadding:0px 0px 0px 0px;\n}\n}\n<\/style>\n<div  id=\"moved-title\"  class='flex_column av-ayhgz-2f0181c5cdcf636036399d0dea08a3da av_one_full  avia-builder-el-9  el_after_av_two_third  avia-builder-el-last  first no_margin flex_column_div av-zero-column-padding  column-top-margin'     ><section  class='av_textblock_section av-mlihb83b-2a6005c1ae1b39f5603a9cd1b17fc8fd '   itemscope=\"itemscope\" itemtype=\"https:\/\/schema.org\/CreativeWork\" ><div class='avia_textblock hero-title-container h1-hidden-initial'  itemprop=\"text\" ><h1 class=\"moved-title\">Que signifie Magiclift?<\/h1>\n<\/div><\/section><\/div>\n","protected":false},"excerpt":{"rendered":"","protected":false},"author":1,"featured_media":60373,"parent":0,"menu_order":0,"comment_status":"closed","ping_status":"closed","template":"","meta":{"footnotes":"","_wp_rev_ctl_limit":""},"class_list":["post-63834","page","type-page","status-publish","has-post-thumbnail","hentry"],"_links":{"self":[{"href":"https:\/\/magiclift.ch\/fr\/wp-json\/wp\/v2\/pages\/63834","targetHints":{"allow":["GET"]}}],"collection":[{"href":"https:\/\/magiclift.ch\/fr\/wp-json\/wp\/v2\/pages"}],"about":[{"href":"https:\/\/magiclift.ch\/fr\/wp-json\/wp\/v2\/types\/page"}],"author":[{"embeddable":true,"href":"https:\/\/magiclift.ch\/fr\/wp-json\/wp\/v2\/users\/1"}],"replies":[{"embeddable":true,"href":"https:\/\/magiclift.ch\/fr\/wp-json\/wp\/v2\/comments?post=63834"}],"version-history":[{"count":0,"href":"https:\/\/magiclift.ch\/fr\/wp-json\/wp\/v2\/pages\/63834\/revisions"}],"wp:featuredmedia":[{"embeddable":true,"href":"https:\/\/magiclift.ch\/fr\/wp-json\/wp\/v2\/media\/60373"}],"wp:attachment":[{"href":"https:\/\/magiclift.ch\/fr\/wp-json\/wp\/v2\/media?parent=63834"}],"curies":[{"name":"wp","href":"https:\/\/api.w.org\/{rel}","templated":true}]}}