{"id":65611,"date":"2026-02-21T09:22:57","date_gmt":"2026-02-21T08:22:57","guid":{"rendered":"https:\/\/magiclift.ch\/?page_id=65611"},"modified":"2026-02-21T09:31:12","modified_gmt":"2026-02-21T08:31:12","slug":"faq","status":"publish","type":"page","link":"https:\/\/magiclift.ch\/fr\/faq\/","title":{"rendered":"FAQ sur le parapente"},"content":{"rendered":"\n<style type=\"text\/css\" data-created_by=\"avia_inline_auto\" id=\"style-css-av-mliejp1v-f4200a2453179be676b1475e72089e31\">\n.avia-section.av-mliejp1v-f4200a2453179be676b1475e72089e31{\nmargin-top:0px;\nmargin-bottom:0px;\n}\n.avia-section.av-mliejp1v-f4200a2453179be676b1475e72089e31 .av-parallax .av-parallax-inner{\nbackground-repeat:no-repeat;\nbackground-image:url(https:\/\/magiclift.ch\/wp-content\/uploads\/2026\/01\/gleitschirm-startplatz-kiosk-braunwald-neuschnee-startpiste-ausgelegt.jpg);\nbackground-position:0% 100%;\nbackground-attachment:scroll;\n}\n\n@media only screen and (min-width: 990px){ \n.avia-section.av-mliejp1v-f4200a2453179be676b1475e72089e31{\nmargin-top:0;\nmargin-bottom:0;\n}\n}\n\n@media only screen and (min-width: 768px) and (max-width: 989px){ \n.avia-section.av-mliejp1v-f4200a2453179be676b1475e72089e31{\nmargin-top:0;\nmargin-bottom:0;\n}\n}\n\n@media only screen and (min-width: 480px) and (max-width: 767px){ \n.avia-section.av-mliejp1v-f4200a2453179be676b1475e72089e31{\nmargin-top:0;\nmargin-bottom:0;\n}\n}\n\n@media only screen and (max-width: 479px){ \n.avia-section.av-mliejp1v-f4200a2453179be676b1475e72089e31{\nmargin-top:0;\nmargin-bottom:0;\n}\n}\n<\/style>\n<div id='hero-desktop'  class='avia-section av-mliejp1v-f4200a2453179be676b1475e72089e31 main_color avia-section-no-padding avia-no-shadow  avia-builder-el-0  el_before_av_section  avia-builder-el-first  with_parallax_opener av-small-hide av-mini-hide av-parallax-section avia-bg-style-parallax av-minimum-height av-minimum-height-custom av-height-custom  container_wrap fullsize'  data-section-bg-repeat='no-repeat' data-av_minimum_height_px='0'><div class='av-parallax' data-avia-parallax-ratio='0.3' ><div class='av-parallax-inner main_color avia-full-stretch'><\/div><\/div><div class='container av-section-cont-open' style='height:0px'><main  role=\"main\" itemprop=\"mainContentOfPage\"  class='template-page content  av-content-full alpha units'><div class='post-entry post-entry-type-page post-entry-65611'><div class='entry-content-wrapper clearfix'>\n\n<style type=\"text\/css\" data-created_by=\"avia_inline_auto\" id=\"style-css-av-cu1okb-334f458d8d6098fefe5dee062341f87f\">\n#top .hr.av-cu1okb-334f458d8d6098fefe5dee062341f87f{\nmargin-top:60vh;\nmargin-bottom:-113px;\n}\n.hr.av-cu1okb-334f458d8d6098fefe5dee062341f87f .hr-inner{\nwidth:50px;\n}\n<\/style>\n<div  class='hr av-cu1okb-334f458d8d6098fefe5dee062341f87f hr-custom  avia-builder-el-1  el_before_av_hr  avia-builder-el-first  hr-center hr-icon-no'><span class='hr-inner inner-border-av-border-none'><span class=\"hr-inner-style\"><\/span><\/span><\/div>\n\n<style type=\"text\/css\" data-created_by=\"avia_inline_auto\" id=\"style-css-av-aggmcr-c640dbf057365ebd7009d4ba29ce3d04\">\n#top .hr.av-aggmcr-c640dbf057365ebd7009d4ba29ce3d04{\nmargin-top:0px;\nmargin-bottom:-40px;\n}\n.hr.av-aggmcr-c640dbf057365ebd7009d4ba29ce3d04 .hr-inner{\nwidth:50px;\n}\n<\/style>\n<div  class='hr av-aggmcr-c640dbf057365ebd7009d4ba29ce3d04 hr-custom  avia-builder-el-2  el_after_av_hr  avia-builder-el-last  hero-bottom-gapfix-mobile hr-center hr-icon-no'><span class='hr-inner inner-border-av-border-none'><span class=\"hr-inner-style\"><\/span><\/span><\/div>\n\n<\/div><\/div><\/main><!-- close content main element --><\/div><\/div>\n<style type=\"text\/css\" data-created_by=\"avia_inline_auto\" id=\"style-css-av-mliekbey-01cfd35efb7707d60d297b2a3f7f49d9\">\n.avia-section.av-mliekbey-01cfd35efb7707d60d297b2a3f7f49d9{\nmargin-top:0px;\nmargin-bottom:0px;\n}\n.avia-section.av-mliekbey-01cfd35efb7707d60d297b2a3f7f49d9 .av-parallax .av-parallax-inner{\nbackground-repeat:no-repeat;\nbackground-image:url(https:\/\/magiclift.ch\/wp-content\/uploads\/2026\/01\/gleitschirm-startplatz-kiosk-braunwald-neuschnee-startpiste-ausgelegt.jpg);\nbackground-position:0% 100%;\nbackground-attachment:scroll;\n}\n\n@media only screen and (min-width: 990px){ \n.avia-section.av-mliekbey-01cfd35efb7707d60d297b2a3f7f49d9{\nmargin-top:0px;\nmargin-bottom:0px;\n}\n}\n\n@media only screen and (min-width: 768px) and (max-width: 989px){ \n.avia-section.av-mliekbey-01cfd35efb7707d60d297b2a3f7f49d9{\nmargin-top:0;\nmargin-bottom:0;\n}\n}\n\n@media only screen and (min-width: 480px) and (max-width: 767px){ \n.avia-section.av-mliekbey-01cfd35efb7707d60d297b2a3f7f49d9{\nmargin-top:0;\nmargin-bottom:0;\n}\n}\n\n@media only screen and (max-width: 479px){ \n.avia-section.av-mliekbey-01cfd35efb7707d60d297b2a3f7f49d9{\nmargin-top:0;\nmargin-bottom:0;\n}\n}\n<\/style>\n<div id='hero-mobile'  class='avia-section av-mliekbey-01cfd35efb7707d60d297b2a3f7f49d9 main_color avia-section-no-padding avia-no-shadow  avia-builder-el-3  el_after_av_section  el_before_av_two_third  with_parallax_opener av-desktop-hide av-medium-hide av-parallax-section avia-bg-style-parallax av-minimum-height av-minimum-height-custom av-height-custom  container_wrap fullsize'  data-section-bg-repeat='no-repeat' data-av_minimum_height_px='0'><div class='av-parallax' data-avia-parallax-ratio='0.3' ><div class='av-parallax-inner main_color avia-full-stretch'><\/div><\/div><div class='container av-section-cont-open' style='height:0px'><div class='template-page content  av-content-full alpha units'><div class='post-entry post-entry-type-page post-entry-65611'><div class='entry-content-wrapper clearfix'>\n\n<style type=\"text\/css\" data-created_by=\"avia_inline_auto\" id=\"style-css-av-923kaj-58ebd393805e84692bd9e44ae708f16f\">\n#top .hr.av-923kaj-58ebd393805e84692bd9e44ae708f16f{\nmargin-top:50vh;\nmargin-bottom:-25px;\n}\n.hr.av-923kaj-58ebd393805e84692bd9e44ae708f16f .hr-inner{\nwidth:50px;\n}\n<\/style>\n<div  class='hr av-923kaj-58ebd393805e84692bd9e44ae708f16f hr-custom  avia-builder-el-4  el_before_av_hr  avia-builder-el-first  hr-center hr-icon-no'><span class='hr-inner inner-border-av-border-none'><span class=\"hr-inner-style\"><\/span><\/span><\/div>\n\n<style type=\"text\/css\" data-created_by=\"avia_inline_auto\" id=\"style-css-av-7btu4r-a6c17942706c7efd73cc3cf840b9ffa8\">\n#top .hr.av-7btu4r-a6c17942706c7efd73cc3cf840b9ffa8{\nmargin-top:0px;\nmargin-bottom:-40px;\n}\n.hr.av-7btu4r-a6c17942706c7efd73cc3cf840b9ffa8 .hr-inner{\nwidth:50px;\n}\n<\/style>\n<div  class='hr av-7btu4r-a6c17942706c7efd73cc3cf840b9ffa8 hr-custom  avia-builder-el-5  el_after_av_hr  el_before_av_hr  hero-bottom-gapfix-mobile hr-center hr-icon-no'><span class='hr-inner inner-border-av-border-none'><span class=\"hr-inner-style\"><\/span><\/span><\/div>\n\n<style type=\"text\/css\" data-created_by=\"avia_inline_auto\" id=\"style-css-av-6g3fl7-25525c18c3b0890996bbb49b3f0d1d23\">\n#top .hr.av-6g3fl7-25525c18c3b0890996bbb49b3f0d1d23{\nmargin-top:0px;\nmargin-bottom:-40px;\n}\n.hr.av-6g3fl7-25525c18c3b0890996bbb49b3f0d1d23 .hr-inner{\nwidth:50px;\n}\n<\/style>\n<div  class='hr av-6g3fl7-25525c18c3b0890996bbb49b3f0d1d23 hr-custom  avia-builder-el-6  el_after_av_hr  avia-builder-el-last  hero-bottom-gapfix-mobile hr-center hr-icon-no'><span class='hr-inner inner-border-av-border-none'><span class=\"hr-inner-style\"><\/span><\/span><\/div>\n<\/div><\/div><\/div><!-- close content main div --><\/div><\/div><div id='after_section_2'  class='main_color av_default_container_wrap container_wrap fullsize'  ><div class='container av-section-cont-open' ><div class='template-page content  av-content-full alpha units'><div class='post-entry post-entry-type-page post-entry-65611'><div class='entry-content-wrapper clearfix'>\n<div  class='flex_column av-3ym72z-b619fe8eedbd53f5286592e6dd561ac5 av_two_third  avia-builder-el-7  el_after_av_section  el_before_av_one_full  avia-builder-el-first  first flex_column_div  '     ><section  class='av_textblock_section av-kj5s4x63-e25e5d320fb6bb67524397e4eea1f508 '   itemscope=\"itemscope\" itemtype=\"https:\/\/schema.org\/CreativeWork\" ><div class='avia_textblock'  itemprop=\"text\" ><p>Si vous souhaitez apprendre le parapente, vous avez sans doute de nombreuses questions. Ici, vous trouverez les r\u00e9ponses aux premi\u00e8res et plus importantes d\u2019entre elles. En explorant davantage notre site, vous obtiendrez un aper\u00e7u complet de la diversit\u00e9 et de la fascination de cet incroyable sport a\u00e9rien \u2013 et des exp\u00e9riences de r\u00eave qui vous attendent lorsque vous d\u00e9collerez avec nous.<\/p>\n<blockquote>\n<p>Combien de temps faut-il pour la formation de pilote parapente ?<\/p>\n<\/blockquote>\n<p>Pour obtenir le brevet de pilote, vous devez pouvoir prouver 50 vols sous la supervision d\u2019un moniteur dans au moins 5 sites de vol diff\u00e9rents. Le nombre de jours n\u00e9cessaires d\u00e9pend de votre disponibilit\u00e9 et \u2013 surtout \u2013 de la m\u00e9t\u00e9o. Pour recevoir le brevet complet, vous devez r\u00e9ussir un examen th\u00e9orique et un test pratique en vol.<\/p>\n<p>Dans notre \u00e9cole de vol, nous proposons des vols en altitude du d\u00e9but f\u00e9vrier jusqu\u2019\u00e0 No\u00ebl, d\u00e8s que la m\u00e9t\u00e9o le permet \u2013 les lundis, jeudis, vendredis, samedis et dimanches. Tout au long de l\u2019ann\u00e9e, vous pouvez \u00e9galement nous rejoindre pour des stages de vol dans d\u2019autres pays.<\/p>\n<blockquote>\n<p>Comment est structur\u00e9e la formation jusqu\u2019au brevet ?<\/p>\n<\/blockquote>\n<p>La meilleure fa\u00e7on de d\u00e9couvrir \u00e0 quel point le parapente est fantastique est de faire un jour d\u2019essai. D\u00e8s le premier jour, vous pouvez d\u00e9j\u00e0 voler sur le site d\u2019\u00e9cole. Sur trois \u00e0 quatre apr\u00e8s-midis suppl\u00e9mentaires, vous acqu\u00e9rez une solide technique de d\u00e9collage. D\u00e8s que vous d\u00e9collez bien et avec assurance, la formation se poursuit avec des vols en altitude.<\/p>\n<p>Tous vos progr\u00e8s sont consign\u00e9s sur une fiche de suivi de formation et vous tenez un carnet de vol de vos vols. Apr\u00e8s chaque journ\u00e9e de vol, le moniteur tamponne votre carnet de vol afin que vous puissiez prouver l\u2019exp\u00e9rience acquise.<\/p>\n<p>Plus vous gagnez en routine, plus il devient facile d\u2019atteindre les \u00e9tapes importantes : survoler le d\u00e9collage pour la premi\u00e8re fois, monter en thermique jusqu\u2019\u00e0 la base d\u2019un cumulus, partager les thermiques avec des rapaces, glisser de l\u2019autre c\u00f4t\u00e9 de la vall\u00e9e\u2026<\/p>\n<p>La courbe d\u2019apprentissage est tr\u00e8s raide, surtout au d\u00e9but. M\u00eame longtemps apr\u00e8s l\u2019obtention du brevet, elle ne s\u2019aplatit pas. M\u00eame apr\u00e8s des milliers d\u2019heures de vol, on continue d\u2019apprendre et de progresser en tant que pilote.<\/p>\n<blockquote>\n<p>Le parapente est-il un sport risqu\u00e9 ?<\/p>\n<\/blockquote>\n<p>\u00c0 juste titre, la Caisse nationale suisse d\u2019assurance en cas d\u2019accidents (Suva) **ne** classe **pas** le parapente parmi les sports extr\u00eames ou \u00e0 haut risque. Lorsque la m\u00e9t\u00e9o permet un vol s\u00fbr, que le mat\u00e9riel est en parfait \u00e9tat et que le pilote fait preuve de bon sens (\u00ab cerveau allum\u00e9 \u00bb) dans l\u2019espace a\u00e9rien, ce sport peut \u00eatre pratiqu\u00e9 avec un niveau de s\u00e9curit\u00e9 comparable \u00e0 celui du v\u00e9lo.<\/p>\n<p>Cela **ne** signifie **pas** qu\u2019il n\u2019y a aucun risque en parapente. Sur des plateformes comme YouTube, on trouve des vid\u00e9os spectaculaires de crashs \u2013 mais elles donnent une image totalement d\u00e9form\u00e9e et ne refl\u00e8tent pas la r\u00e9alit\u00e9 du vol.<\/p>\n<p>Ce qui compte vraiment, c\u2019est une bonne formation et une pratique r\u00e9guli\u00e8re. Apprendre \u00e0 \u00e9valuer correctement les conditions m\u00e9t\u00e9o, ma\u00eetriser son mat\u00e9riel de vol et savoir distinguer un comportement raisonnable d\u2019une prise de risque insens\u00e9e : tout cela, vous l\u2019apprenez \u00e0 l\u2019\u00e9cole de vol.<\/p>\n<blockquote>\n<p>Le parapente est-il addictif ?<\/p>\n<\/blockquote>\n<p>La plupart des pilotes r\u00e9pondront tr\u00e8s probablement **oui** \u00e0 cette question \u2013 pas \u00e9tonnant que l\u2019on parle du \u00ab virus du vol \u00bb. Une fois infect\u00e9, il y a la vie avant son premier vol en parapente et la vie apr\u00e8s.<\/p>\n<p>La vie d\u2019apr\u00e8s ressemble \u00e0 ceci : le matin au r\u00e9veil, la premi\u00e8re chose que vous faites est de regarder la m\u00e9t\u00e9o en ligne. Puis-je voler aujourd\u2019hui \u2013 et si oui, d\u2019o\u00f9 ? Vous observez sans cesse le ciel \u00e0 la recherche de cumulus annon\u00e7ant une activit\u00e9 thermique. Vous vous faites de nouveaux amis qui partagent votre passion pour le parapente. Vos destinations de vacances sont choisies en fonction des possibilit\u00e9s de vol et les conversations les plus int\u00e9ressantes tournent autour de l\u2019a\u00e9ronautique.<\/p>\n<p>La meilleure th\u00e9rapie pour cette addiction ? Aller voler.<\/p>\n<blockquote>\n<p>Tout le monde peut-il apprendre le parapente ?<\/p>\n<\/blockquote>\n<p>Pouvoir se tenir debout et marcher sur ses deux pieds est la condition la plus importante pour d\u00e9coller et atterrir en parapente. Pour commencer la formation de pilote parapente, il faut avoir au minimum **14 ans**.<\/p>\n<blockquote>\n<p>Combien de temps le brevet de pilote est-il valable ?<\/p>\n<\/blockquote>\n<p>Une fois que vous avez le brevet, aucun contr\u00f4le m\u00e9dical ou de comp\u00e9tences r\u00e9gulier n\u2019est requis. Tant que vos jambes vous portent et que vous avez toujours plaisir \u00e0 voler, vous pouvez pratiquer ce merveilleux loisir partout o\u00f9 cela est autoris\u00e9.<\/p>\n<p>\u00c0 noter : avec le brevet suisse, vous \u00eates \u00e9galement autoris\u00e9 \u00e0 voler \u00e0 l\u2019\u00e9tranger.<\/p>\n<blockquote>\n<p>Que m\u2019apporte le monde du parapente ?<\/p>\n<\/blockquote>\n<p>Le parapente est un sport d\u2019aventure extr\u00eamement vari\u00e9. Vous \u00eates en plein air, respirez l\u2019air frais, d\u00e9couvrez de nouveaux sites de vol, admirez le paysage depuis une perspective unique, passez d\u2019excellents moments entre amis, faites de nouvelles rencontres, accumulez des exp\u00e9riences innombrables et progressez constamment. Plus vous devenez bon pilote, plus le sport a \u00e0 vous offrir. Vous pouvez attendre avec impatience les vols plaisir, le vol cross-country tactique, le gonflage au sol, le hike & fly, les voyages parapente \u00e0 l\u2019\u00e9tranger. L\u2019aventure est sans limite.<\/p>\n<p>Vous pourriez m\u00eame d\u00e9couvrir le go\u00fbt de l\u2019acrobatie et des man\u0153uvres qui font monter l\u2019adr\u00e9naline. Le passage vers d\u2019autres sports de vent et de vol (kitesurf, deltaplane, planeur ou aviation motoris\u00e9e) devient aussi beaucoup plus facile.<\/p>\n<blockquote>\n<p>Le parapente est-il un sport cher ?<\/p>\n<\/blockquote>\n<p>Le parapente est de loin la forme de sport a\u00e9rien la plus abordable. Pour la formation compl\u00e8te et un \u00e9quipement personnel neuf, pr\u00e9voyez un budget d\u2019environ **8 000 CHF**. Il existe des possibilit\u00e9s d\u2019\u00e9conomies avec du mat\u00e9riel d\u2019occasion.<\/p>\n<blockquote>\n<p>Combien de temps dure le mat\u00e9riel ?<\/p>\n<\/blockquote>\n<p>L\u2019\u00e9quipement se compose du parapente, de la sellette, du parachute de secours (syst\u00e8me de secours) et \u2013 si souhait\u00e9 \u2013 d\u2019instruments de vol comme un GPS ou un vario. Vous poss\u00e9dez probablement d\u00e9j\u00e0 de bonnes chaussures, un casque, des lunettes de soleil de qualit\u00e9, des gants et des v\u00eatements coupe-vent.<\/p>\n<p>Les parapentes modernes ont \u2013 selon l\u2019entretien \u2013 une dur\u00e9e de vie d\u2019environ **400\u2013500 heures de vol**. Avec une voile neuve, vous pouvez donc voler en toute s\u00e9curit\u00e9 pendant plusieurs ann\u00e9es.<\/p>\n<p>Une sellette dure de nombreuses ann\u00e9es ; il est recommand\u00e9 de remplacer le parachute de secours apr\u00e8s environ 10 ans. En Suisse ais\u00e9e, le renouvellement du mat\u00e9riel est rarement d\u00fb \u00e0 l\u2019usure, mais plut\u00f4t aux progr\u00e8s techniques : meilleure performance, plus de s\u00e9curit\u00e9, plus de confort et r\u00e9duction de poids.<\/p>\n<blockquote>\n<p>Combien p\u00e8se un \u00e9quipement parapente ?<\/p>\n<\/blockquote>\n<p>Compar\u00e9 \u00e0 aujourd\u2019hui, le mat\u00e9riel des pionniers \u00e9tait rudimentaire \u2013 et pas particuli\u00e8rement lourd. Au fil des progr\u00e8s, l\u2019\u00e9quipement a \u00e9t\u00e9 optimis\u00e9 pour de meilleures performances et plus de confort, ce qui a conduit un temps \u00e0 porter un sac de 18\u201320 kg.<\/p>\n<p>Ces derni\u00e8res ann\u00e9es, la tendance est clairement aux mat\u00e9riaux l\u00e9gers. Un \u00e9quipement complet moderne et optimis\u00e9 pour le poids ne p\u00e8se plus qu\u2019environ **10 kg** et reste confortable \u00e0 porter.<\/p>\n<p>Gr\u00e2ce \u00e0 cet \u00e9quipement l\u00e9ger, le \u00ab hike & fly \u00bb est devenu une forme de parapente tr\u00e8s populaire : monter au d\u00e9collage \u00e0 pied ou m\u00eame en escalade \u2013 voler avec le moins possible d\u2019\u00e9missions de CO\u2082.<\/p>\n<blockquote>\n<p>Peut-on voler en parapente partout ?<\/p>\n<\/blockquote>\n<p>Notre espace a\u00e9rien est vaste, mais limit\u00e9. Les parapentes volent selon les r\u00e8gles de vol \u00e0 vue. Les espaces a\u00e9riens soumis aux r\u00e8gles de vol aux instruments sont interdits. Il s\u2019agit des zones autour des a\u00e9rodromes et a\u00e9roports. Les zones de protection de la faune et les zones militaires dangereuses imposent \u00e9galement des restrictions. En g\u00e9n\u00e9ral cependant, les libert\u00e9s sont nettement plus grandes que les limitations \u2013 auxquelles s\u2019ajoutent bien s\u00fbr les conditions m\u00e9t\u00e9orologiques. Avec le brevet suisse, vous \u00eates autoris\u00e9 \u00e0 voler en parapente dans le monde entier, pour autant que la l\u00e9gislation du pays de destination le permette.<\/p>\n<blockquote>\n<p>Comment se forment les thermiques ?<\/p>\n<\/blockquote>\n<p>Par beau temps, le rayonnement solaire chauffe le sol. Le sol r\u00e9chauff\u00e9 transmet sa chaleur \u00e0 l\u2019air au-dessus de lui. Lorsqu\u2019une masse d\u2019air est chauff\u00e9e \u00e0 la surface, elle se dilate et sa densit\u00e9 diminue. Dans l\u2019air plus frais environnant, ce paquet d\u2019air chaud monte : voil\u00e0, les thermiques. Une cause particuli\u00e8re de mont\u00e9e thermique est le thermique d\u2019inversion. Dans le jargon des pilotes, on appelle cela Magiclift \u2013 et c\u2019est ce qui a donn\u00e9 son nom \u00e0 notre \u00e9cole de vol.<\/p>\n<blockquote>\n<p>Combien de temps peut-on rester en l\u2019air avec un parapente ?<\/p>\n<\/blockquote>\n<p>Par beau jour de vol, les pilotes de parapente cherchent \u00e0 retarder l\u2019atterrissage le plus longtemps possible et vont activement chercher les ascendances pour prendre de l\u2019altitude. Chaque m\u00e8tre gagn\u00e9 augmente la distance de vol possible \u2013 ce qui permet d\u2019atteindre un thermique encore plus lointain. L\u00e0, le jeu recommence : prendre de la hauteur, glisser vers la prochaine ascendance\u2026<\/p>\n<p>Gr\u00e2ce aux excellentes caract\u00e9ristiques de vol d\u2019un parapente moderne, des vols de distance de **plus de 200 km** sont possibles les jours puissants \u2013 soit plusieurs heures pass\u00e9es en l\u2019air.<\/p>\n<\/div><\/section><\/div>\n<style type=\"text\/css\" data-created_by=\"avia_inline_auto\" id=\"style-css-av-2mq36j-c1c86eb778d71ca05ec8fd32f091701d\">\n#top .flex_column.av-2mq36j-c1c86eb778d71ca05ec8fd32f091701d{\nmargin-top:0px;\nmargin-bottom:0px;\n}\n.flex_column.av-2mq36j-c1c86eb778d71ca05ec8fd32f091701d{\npadding:0px 0px 0px 0px;\nheight:auto;\nmin-height:0px;\n}\n.responsive #top #wrap_all .flex_column.av-2mq36j-c1c86eb778d71ca05ec8fd32f091701d{\nmargin-top:0px;\nmargin-bottom:0px;\n}\n\n@media only screen and (min-width: 990px){ \n.flex_column.av-2mq36j-c1c86eb778d71ca05ec8fd32f091701d{\npadding:0px 0px 0px 0px;\n}\n}\n\n@media only screen and (min-width: 768px) and (max-width: 989px){ \n.flex_column.av-2mq36j-c1c86eb778d71ca05ec8fd32f091701d{\npadding:0px 0px 0px 0px;\n}\n}\n\n@media only screen and (min-width: 480px) and (max-width: 767px){ \n.flex_column.av-2mq36j-c1c86eb778d71ca05ec8fd32f091701d{\npadding:0px 0px 0px 0px;\n}\n}\n\n@media only screen and (max-width: 479px){ \n.flex_column.av-2mq36j-c1c86eb778d71ca05ec8fd32f091701d{\npadding:0px 0px 0px 0px;\n}\n}\n<\/style>\n<div  id=\"moved-title\"  class='flex_column av-2mq36j-c1c86eb778d71ca05ec8fd32f091701d av_one_full  avia-builder-el-9  el_after_av_two_third  avia-builder-el-last  first no_margin flex_column_div av-zero-column-padding  column-top-margin'     ><section  class='av_textblock_section av-mlieioho-600876ce9d2b32ddcd8d245ca77ca29d '   itemscope=\"itemscope\" itemtype=\"https:\/\/schema.org\/CreativeWork\" ><div class='avia_textblock hero-title-container h1-hidden-initial'  itemprop=\"text\" ><h1 class=\"moved-title\" dir=\"auto\">Parapente : Questions fr\u00e9quentes<\/h1>\n<\/div><\/section><\/div><\/p>\n","protected":false},"excerpt":{"rendered":"","protected":false},"author":1,"featured_media":60151,"parent":0,"menu_order":0,"comment_status":"closed","ping_status":"closed","template":"","meta":{"footnotes":"","_wp_rev_ctl_limit":""},"class_list":["post-65611","page","type-page","status-publish","has-post-thumbnail","hentry"],"_links":{"self":[{"href":"https:\/\/magiclift.ch\/fr\/wp-json\/wp\/v2\/pages\/65611","targetHints":{"allow":["GET"]}}],"collection":[{"href":"https:\/\/magiclift.ch\/fr\/wp-json\/wp\/v2\/pages"}],"about":[{"href":"https:\/\/magiclift.ch\/fr\/wp-json\/wp\/v2\/types\/page"}],"author":[{"embeddable":true,"href":"https:\/\/magiclift.ch\/fr\/wp-json\/wp\/v2\/users\/1"}],"replies":[{"embeddable":true,"href":"https:\/\/magiclift.ch\/fr\/wp-json\/wp\/v2\/comments?post=65611"}],"version-history":[{"count":0,"href":"https:\/\/magiclift.ch\/fr\/wp-json\/wp\/v2\/pages\/65611\/revisions"}],"wp:featuredmedia":[{"embeddable":true,"href":"https:\/\/magiclift.ch\/fr\/wp-json\/wp\/v2\/media\/60151"}],"wp:attachment":[{"href":"https:\/\/magiclift.ch\/fr\/wp-json\/wp\/v2\/media?parent=65611"}],"curies":[{"name":"wp","href":"https:\/\/api.w.org\/{rel}","templated":true}]}}